{"id":18,"date":"2018-09-29T11:48:19","date_gmt":"2018-09-29T11:48:19","guid":{"rendered":"http:\/\/rettet-das-gedruckte-wort.flix-data.de\/?page_id=18"},"modified":"2021-11-12T15:10:29","modified_gmt":"2021-11-12T15:10:29","slug":"motivation","status":"publish","type":"page","link":"https:\/\/rdgw.running.digital\/?page_id=18","title":{"rendered":"Motivation"},"content":{"rendered":"\n<p>Gleich mal etwas vorneweg, was weniger mit den Inhalten sondern der &#8211; jetzt neuen &#8211; Struktur zu tun hat: einiges hat sich ge\u00e4ndert, entweder bei wordpress, dem Programm f\u00fcr diese Seite, oder bei meinem IT &#8211; Spezialisten, den ich leider dazu noch nicht befragen konnte.<\/p>\n\n\n\n<p>Wenn ihr also ein anderes Outfit gew\u00f6hnt seid und das jetzige nicht so m\u00f6gt, dann bitte ich um euer Verst\u00e4ndnis. \u00d6ffnet einfach die Besprechung, die Euch interessiert und Ihr werdet sehen, <strong>alles ist vorhanden wie ehedem.<\/strong><\/p>\n\n\n<p><img loading=\"lazy\" decoding=\"async\" class=\"utschpic alignleft wp-image-100 size-medium\" src=\"http:\/\/rettet-das-gedruckte-wort.flix-data.de\/wp-content\/uploads\/2018\/09\/IMG_20180202_124431-225x300.jpg\" alt=\"\" width=\"225\" height=\"300\" srcset=\"https:\/\/rdgw.running.digital\/wp-content\/uploads\/2018\/09\/IMG_20180202_124431-225x300.jpg 225w, https:\/\/rdgw.running.digital\/wp-content\/uploads\/2018\/09\/IMG_20180202_124431-768x1024.jpg 768w, https:\/\/rdgw.running.digital\/wp-content\/uploads\/2018\/09\/IMG_20180202_124431-263x350.jpg 263w, https:\/\/rdgw.running.digital\/wp-content\/uploads\/2018\/09\/IMG_20180202_124431.jpg 630w\" sizes=\"auto, (max-width: 225px) 100vw, 225px\" \/><\/p>\n<p>Also, eigentlich sind das keine &#8222;Buchbesprechungen&#8220; im \u00fcblichen Sinn. Was ich m\u00f6chte, geben m\u00f6chte, haben m\u00f6chte ist Anregung, Respekt, Freude, Phantasie, Liebe, W\u00e4rme und alles alles, was vorgefertigte Bilder nicht geben k\u00f6nnen. Daher werdet ihr den Stil der jeweiligen Werke in meinem Stil der Vorstellung m\u00f6glichst wiederfinden. Also wundert Euch nicht, wenn ich einmal sp\u00f6ttisch, einmal witzig, ernst, sehr ernst, sehr sehr ernst oder wie auch immer r\u00fcberkomme. Das Leben und seine Geschichten haben viele Gesichter und ich w\u00fcnsche mir, diese hier m\u00f6glichst simultan der Schreib(be)stimmung des entsprechenden Buches Euch zug\u00e4nglich machen zu k\u00f6nnen.<\/p>\n<p>Wunderbar, ein Film, der ber\u00fchrt, Spannung liefert, sich selbst wiederfinden l\u00e4sst aber nichts, gegen eine Welt aus selbstgeschaffenen Bildern und Vorstellungen, die Deiner eigenen Fantasie entspringen, angeregt durch das gedruckte Wort.<\/p>\n<p>Hab ich was gegen sms, e-mail, voice mail oder was auch immer im Dienst der elektronischen Kommunikation steht? Nein, selbstverst\u00e4ndlich nicht. Es ist phantastisch, wenn mein Sohn mir simst &#8222;hey, Mam, wie gehts? Wie w\u00e4rs mit `ner Partie Schach sp\u00e4ter?&#8220; oder wenn mein Enkel mir ein Video auf\u00b4s handy schickt, auf dem ich seine neuesten Spielsachen bewundern kann!<\/p>\n<p>Aber um in <strong>meine eigene Welt<\/strong> abzutauchen, in <strong>meine Fantasie<\/strong>, mir <strong>meine Ruhe und Gem\u00fctlichkeit<\/strong> schnellstm\u00f6glich und ohne Aufwand zu schaffen nutze ich das Wort, gedruckt und ohne Spiegelungseffekte, auf alten, neuen, geknickten oder unversehrten Buchseiten, neu oder x-mal gelesen, durchgebl\u00e4ttert, mit gelebt.<\/p>\n<p>Die B\u00fccher, Geschichten, die ich hier vorstelle, sind nicht von mir speziell ausgesucht zu diesem Zweck. Sie finden mich, sprechen mich an, wenn ich ihnen begegne &#8211; z. B. auf &#8222;zu verschenken&#8220; Regalen, in Papiertonnen zum Wegwerfen, irgendwo erw\u00e4hnt am Rande und bei mir im Hinterkopf gelandet oder auf Flurfensterb\u00e4nken in irgendwelchen H\u00e4usern, Einrichtungen, die ich aus irgendwelchen Gr\u00fcnden betrete, wo sie mich anlachen, anschauen auf Stapeln oder einzeln ausgelegt zum Mitnehmen f\u00fcr den, die, der oder das sie braucht, sch\u00e4tzt, liebt aber auf jeden Fall lieeeeeest!<\/p>\n<p>Da mir, Euch, Uns dies sicher niemals mit einem e-book per e-book-reader geschehen wird und weil ich halt und eben und gerne Papier in den H\u00e4nden halte &#8211; genau! genau deshalb geht es hier um das gedruckte Wort und mir pers\u00f6nlich sehr darum, dieses zu retten und ihm weiterhin einen Platz einzur\u00e4umen in unserer sch\u00f6nen neuen Welt.<\/p>\n<p><img loading=\"lazy\" decoding=\"async\" class=\"wp-image-127 size-medium alignright\" src=\"http:\/\/rettet-das-gedruckte-wort.flix-data.de\/wp-content\/uploads\/2018\/10\/IMG_20181012_132556-222x300.jpg\" alt=\"\" width=\"222\" height=\"300\" \/><\/p>\n<p>\u00a0<\/p>\n<p>\u00a0<\/p>\n<p>\u00a0<\/p>\n<p style=\"text-align: left;\">In einem kleinen, von Iris Gr\u00e4dler herausgegebenen Leseb\u00e4ndchen habe ich folgende sch\u00f6ne und treffende Worte gefunden:<\/p>\n<p><strong><span style=\"color: #cc99ff;\"><span style=\"color: #800000;\">&#8222;Lust am Lesen&#8230;<\/span><br \/><span style=\"color: #800000;\">im Schein der Nachttischlampe<\/span><br \/><span style=\"color: #800000;\">die Nacht zum Tag werden lassen,<\/span><br \/><span style=\"color: #800000;\">weil ein spannender Krimi Sie wach h\u00e4lt.<\/span><br \/><span style=\"color: #800000;\">Eingekuschelt in eine Wolldecke die kalte Jahreszeit vergessen und mit einem fesselnden Buch in der Hand in fremde Welten eintauchen&#8230;.&#8220;<\/span><\/span><\/strong><\/p>\n<p>Was mir aber mindestens genauso gut gef\u00e4llt ist ein Sprichwort aus Arabien<br \/><span style=\"color: #008000;\"><strong> &#8222;Ein Buch ist wie ein Garten, den man in der Tasche tr\u00e4gt.&#8220;<\/strong><\/span><\/p>\n<p>In diesem Sinne viel Freude am &#8222;bunten Strau\u00df&#8220; der hier pr\u00e4sentierten <strong><span style=\"color: #339966;\">L<span style=\"color: #ff0000;\">i<span style=\"color: #0000ff;\">t<span style=\"color: #339966;\">e<span style=\"color: #993366;\">r<span style=\"color: #ff6600;\">a<span style=\"color: #0000ff;\">t<span style=\"color: #008000;\">u<span style=\"color: #993366;\">r<span style=\"color: #000000;\">.<\/span><\/span><\/span><\/span><\/span><\/span><\/span><\/span><\/span><\/span><\/strong><\/p>\n<p>Ach ja, und sogenannte Rechtschreibfehler sind in der Regel gewollt und pr\u00e4sentieren sich angepasst an den jeweiligen Buchstil.<\/p>\n<p>P.S. Ja, das alte Postsciptum &#8211; wie n\u00fctzlich ist es mir jetzt um Euch sagen zu k\u00f6nnen, dass die meisten der hier aufgef\u00fchrten B\u00fccher bei &#8222;booklooker&#8220; f\u00fcr kleines Geld zu haben sind. Ich will damit nicht reich werden sondern betrachte die kleinen Preise als Schutzgeb\u00fchr f\u00fcr die Werke, die doch einmal von Menschen erdacht, erlebt, getr\u00e4umt und zu Papier gebracht worden sind und die man deshalb nicht einfach verschleudern sollte. Kleines Geld aber deshalb, damit jeder sie sich leisten und damit auch lesen kann. H\u00e4ndlerk\u00e4ufe habe ich bei booklooker explizit ausgeschlossen, denn diese Sch\u00e4tze geh\u00f6ren nur Euch, die Ihr sie lest, liebt und mit ihnen tr\u00e4umt.<\/p>\n<p>Ach und noch was: sollte sich auf einem der B\u00fccher einmal ein B\u00fcchereistempel befinden, so hab ich es nicht von dort geklaut, sondern es war zum Verschenken oder, auch hier f\u00fcr kleines Geld, auf einem Angebotstisch ausgelegt.<\/p>","protected":false},"excerpt":{"rendered":"<p>Gleich mal etwas vorneweg, was weniger mit den Inhalten sondern der &#8211; jetzt neuen &#8211; Struktur zu tun hat: einiges hat sich ge\u00e4ndert, entweder bei wordpress, dem Programm f\u00fcr diese Seite, oder bei meinem IT &#8211; Spezialisten, den ich leider dazu noch nicht befragen konnte. Wenn ihr also ein anderes Outfit gew\u00f6hnt seid und das [&hellip;]<\/p>\n","protected":false},"author":1,"featured_media":0,"parent":0,"menu_order":0,"comment_status":"closed","ping_status":"closed","template":"","meta":{"footnotes":""},"class_list":["post-18","page","type-page","status-publish","hentry"],"_links":{"self":[{"href":"https:\/\/rdgw.running.digital\/index.php?rest_route=\/wp\/v2\/pages\/18","targetHints":{"allow":["GET"]}}],"collection":[{"href":"https:\/\/rdgw.running.digital\/index.php?rest_route=\/wp\/v2\/pages"}],"about":[{"href":"https:\/\/rdgw.running.digital\/index.php?rest_route=\/wp\/v2\/types\/page"}],"author":[{"embeddable":true,"href":"https:\/\/rdgw.running.digital\/index.php?rest_route=\/wp\/v2\/users\/1"}],"replies":[{"embeddable":true,"href":"https:\/\/rdgw.running.digital\/index.php?rest_route=%2Fwp%2Fv2%2Fcomments&post=18"}],"version-history":[{"count":30,"href":"https:\/\/rdgw.running.digital\/index.php?rest_route=\/wp\/v2\/pages\/18\/revisions"}],"predecessor-version":[{"id":1021,"href":"https:\/\/rdgw.running.digital\/index.php?rest_route=\/wp\/v2\/pages\/18\/revisions\/1021"}],"wp:attachment":[{"href":"https:\/\/rdgw.running.digital\/index.php?rest_route=%2Fwp%2Fv2%2Fmedia&parent=18"}],"curies":[{"name":"wp","href":"https:\/\/api.w.org\/{rel}","templated":true}]}}